{"id":3417,"date":"2024-03-05T16:54:19","date_gmt":"2024-03-05T15:54:19","guid":{"rendered":"https:\/\/islanderyacht.com\/aviso-legal\/"},"modified":"2025-10-30T18:01:13","modified_gmt":"2025-10-30T17:01:13","slug":"aviso-legal","status":"publish","type":"page","link":"https:\/\/islanderyacht.com\/es\/aviso-legal\/","title":{"rendered":"Aviso legal"},"content":{"rendered":"\t\t<div data-elementor-type=\"wp-page\" data-elementor-id=\"3417\" class=\"elementor elementor-3417 elementor-1114\" data-elementor-post-type=\"page\">\n\t\t\t\t<div class=\"elementor-element elementor-element-632a7fa e-flex e-con-boxed e-con e-parent\" data-id=\"632a7fa\" data-element_type=\"container\" data-e-type=\"container\" data-settings=\"{&quot;background_background&quot;:&quot;classic&quot;}\">\n\t\t\t\t\t<div class=\"e-con-inner\">\n\t\t<div class=\"elementor-element elementor-element-868c7c6 e-con-full e-flex e-con e-child\" data-id=\"868c7c6\" data-element_type=\"container\" data-e-type=\"container\">\n\t\t\t\t<div class=\"elementor-element elementor-element-735da12 elementor-widget elementor-widget-heading\" data-id=\"735da12\" data-element_type=\"widget\" data-e-type=\"widget\" data-widget_type=\"heading.default\">\n\t\t\t\t<div class=\"elementor-widget-container\">\n\t\t\t\t\t<h1 class=\"elementor-heading-title elementor-size-default\">Aviso legal<\/h1>\t\t\t\t<\/div>\n\t\t\t\t<\/div>\n\t\t\t\t<\/div>\n\t\t\t\t\t<\/div>\n\t\t\t\t<\/div>\n\t\t<div class=\"elementor-element elementor-element-da4b64e e-flex e-con-boxed e-con e-parent\" data-id=\"da4b64e\" data-element_type=\"container\" data-e-type=\"container\" data-settings=\"{&quot;background_background&quot;:&quot;classic&quot;}\">\n\t\t\t\t\t<div class=\"e-con-inner\">\n\t\t<div class=\"elementor-element elementor-element-ba02df1 e-flex e-con-boxed e-con e-child\" data-id=\"ba02df1\" data-element_type=\"container\" data-e-type=\"container\">\n\t\t\t\t\t<div class=\"e-con-inner\">\n\t\t\t\t<div class=\"elementor-element elementor-element-44c2827 elementor-widget elementor-widget-text-editor\" data-id=\"44c2827\" data-element_type=\"widget\" data-e-type=\"widget\" data-widget_type=\"text-editor.default\">\n\t\t\t\t<div class=\"elementor-widget-container\">\n\t\t\t\t\t\t\t\t\t<p><\/p><h5><strong>AVISO LEGAL<\/strong><\/h5>En cumplimiento de la Ley 34\/2002, de 11 de julio, de Servicios de la Sociedad de la Informaci\u00f3n y Comercio Electr\u00f3nico (LSSI-CE), se informa a los usuarios de los siguientes datos:\n<p><i>Titular del sitio web: Islander Balearic Charter SL<\/i><br><i>N\u00famero de Identificaci\u00f3n Fiscal (NIF): B70646146<\/i><br><i>Domicilio social: Bisbe Sastre 3, Piso 2, Palma de Mallorca, Islas Baleares, 07011, Espa\u00f1a<\/i><br><i>Correo electr\u00f3nico de contacto: info@islanderyacht.com<\/i><br><i>Tel\u00e9fono de contacto: 672684345<\/i><br><i>Registro Mercantil: Palma de Mallorca, Tomo 3043, Hoja PM-99119, Inscripci\u00f3n 1a<\/i><\/p><p><i><br><\/i><\/p>\n<p><\/p>\n<p><\/p><h5><strong>CONDICIONES DE USO<\/strong><\/h5>El acceso y uso de este sitio web implica la aceptaci\u00f3n de las Condiciones Generales de Uso. Islander Balearic Charter SL se reserva el derecho de modificar, en cualquier momento y sin previo aviso, la presentaci\u00f3n y configuraci\u00f3n del sitio web, as\u00ed como los contenidos y servicios incorporados en el mismo. <p><br><\/p>\n<p><\/p>\n<p><\/p><h5><strong>PROPIEDAD INTELECTUAL<\/strong><\/h5>Los contenidos de este sitio web, incluyendo textos, im\u00e1genes y dise\u00f1o gr\u00e1fico, son propiedad de Islander Balearic Charter SL o de terceros que han autorizado su uso. Se proh\u00edbe la reproducci\u00f3n, distribuci\u00f3n o modificaci\u00f3n sin autorizaci\u00f3n previa por escrito. <p><br><\/p>\n<p><\/p>\n<p><\/p><h5><strong>RESPONSABILIDAD<\/strong><\/h5>Islander Balearic Charter SL no se responsabiliza de los da\u00f1os que puedan derivarse del acceso o uso indebido de los contenidos del sitio web. Esto incluye errores u omisiones en el contenido, falta de disponibilidad del sitio o la transmisi\u00f3n de virus. <p><br><\/p>\n<p><\/p>\n<p><\/p><h5><strong>ENLACES EXTERNOS<\/strong><\/h5>Este sitio web puede contener enlaces a p\u00e1ginas externas sobre las que Islander Balearic Charter SL no tiene control. No se asume ninguna responsabilidad por el contenido de estos enlaces. <p><br><\/p>\n<p><\/p>\n<p><\/p><h5><strong>LEGISLACI\u00d3N APLICABLE<\/strong><\/h5>Las relaciones establecidas entre Islander Balearic Charter SL y el usuario se regir\u00e1n por la legislaci\u00f3n vigente en Espa\u00f1a, y cualquier controversia se someter\u00e1 a los Juzgados y Tribunales de Palma de Mallorca.\t\t\t\t\t\t\t\t<\/div>\n\t\t\t\t<\/div>\n\t\t\t\t\t<\/div>\n\t\t\t\t<\/div>\n\t\t\t\t\t<\/div>\n\t\t\t\t<\/div>\n\t\t\t\t<\/div>\n\t\t","protected":false},"excerpt":{"rendered":"<p>Aviso legal AVISO LEGAL En cumplimiento de la Ley 34\/2002, de 11 de julio, de Servicios de la Sociedad de la Informaci\u00f3n y Comercio Electr\u00f3nico (LSSI-CE), se informa a los usuarios de los siguientes datos: Titular del sitio web: Islander Balearic Charter SLN\u00famero de Identificaci\u00f3n Fiscal (NIF): B70646146Domicilio social: Bisbe Sastre 3, Piso 2, Palma [&hellip;]<\/p>\n","protected":false},"author":1,"featured_media":0,"parent":0,"menu_order":0,"comment_status":"closed","ping_status":"closed","template":"","meta":{"inline_featured_image":false,"site-sidebar-layout":"no-sidebar","site-content-layout":"page-builder","ast-site-content-layout":"full-width-container","site-content-style":"unboxed","site-sidebar-style":"unboxed","ast-global-header-display":"","ast-banner-title-visibility":"","ast-main-header-display":"","ast-hfb-above-header-display":"","ast-hfb-below-header-display":"","ast-hfb-mobile-header-display":"","site-post-title":"disabled","ast-breadcrumbs-content":"","ast-featured-img":"","footer-sml-layout":"","ast-disable-related-posts":"","theme-transparent-header-meta":"enabled","adv-header-id-meta":"","stick-header-meta":"","header-above-stick-meta":"","header-main-stick-meta":"","header-below-stick-meta":"","astra-migrate-meta-layouts":"default","ast-page-background-enabled":"default","ast-page-background-meta":{"desktop":{"background-color":"","background-image":"","background-repeat":"repeat","background-position":"center center","background-size":"auto","background-attachment":"scroll","background-type":"","background-media":"","overlay-type":"","overlay-color":"","overlay-opacity":"","overlay-gradient":""},"tablet":{"background-color":"","background-image":"","background-repeat":"repeat","background-position":"center center","background-size":"auto","background-attachment":"scroll","background-type":"","background-media":"","overlay-type":"","overlay-color":"","overlay-opacity":"","overlay-gradient":""},"mobile":{"background-color":"","background-image":"","background-repeat":"repeat","background-position":"center center","background-size":"auto","background-attachment":"scroll","background-type":"","background-media":"","overlay-type":"","overlay-color":"","overlay-opacity":"","overlay-gradient":""}},"ast-content-background-meta":{"desktop":{"background-color":"var(--ast-global-color-5)","background-image":"","background-repeat":"repeat","background-position":"center center","background-size":"auto","background-attachment":"scroll","background-type":"","background-media":"","overlay-type":"","overlay-color":"","overlay-opacity":"","overlay-gradient":""},"tablet":{"background-color":"var(--ast-global-color-5)","background-image":"","background-repeat":"repeat","background-position":"center center","background-size":"auto","background-attachment":"scroll","background-type":"","background-media":"","overlay-type":"","overlay-color":"","overlay-opacity":"","overlay-gradient":""},"mobile":{"background-color":"var(--ast-global-color-5)","background-image":"","background-repeat":"repeat","background-position":"center center","background-size":"auto","background-attachment":"scroll","background-type":"","background-media":"","overlay-type":"","overlay-color":"","overlay-opacity":"","overlay-gradient":""}},"_joinchat":[],"footnotes":""},"class_list":["post-3417","page","type-page","status-publish","hentry"],"aioseo_notices":[],"_links":{"self":[{"href":"https:\/\/islanderyacht.com\/es\/wp-json\/wp\/v2\/pages\/3417","targetHints":{"allow":["GET"]}}],"collection":[{"href":"https:\/\/islanderyacht.com\/es\/wp-json\/wp\/v2\/pages"}],"about":[{"href":"https:\/\/islanderyacht.com\/es\/wp-json\/wp\/v2\/types\/page"}],"author":[{"embeddable":true,"href":"https:\/\/islanderyacht.com\/es\/wp-json\/wp\/v2\/users\/1"}],"replies":[{"embeddable":true,"href":"https:\/\/islanderyacht.com\/es\/wp-json\/wp\/v2\/comments?post=3417"}],"version-history":[{"count":1,"href":"https:\/\/islanderyacht.com\/es\/wp-json\/wp\/v2\/pages\/3417\/revisions"}],"predecessor-version":[{"id":3418,"href":"https:\/\/islanderyacht.com\/es\/wp-json\/wp\/v2\/pages\/3417\/revisions\/3418"}],"wp:attachment":[{"href":"https:\/\/islanderyacht.com\/es\/wp-json\/wp\/v2\/media?parent=3417"}],"curies":[{"name":"wp","href":"https:\/\/api.w.org\/{rel}","templated":true}]}}